
{"id":9794,"date":"2021-05-19T07:58:52","date_gmt":"2021-05-19T07:58:52","guid":{"rendered":"https:\/\/acosgraf.com\/produto\/liderdry-4-combi\/"},"modified":"2024-10-04T13:40:14","modified_gmt":"2024-10-04T12:40:14","slug":"liderdry-4-combi","status":"publish","type":"product","link":"https:\/\/acosgraf.com\/fr\/produto\/liderdry-4-combi\/","title":{"rendered":"LIDERDRY 4 COMBI"},"content":{"rendered":"\t\t<div data-elementor-type=\"product-post\" data-elementor-id=\"9794\" class=\"elementor elementor-9794\" data-elementor-post-type=\"product\">\n\t\t\t\t\t\t<section class=\"elementor-section elementor-top-section elementor-element elementor-element-15be3477 elementor-section-boxed elementor-section-height-default elementor-section-height-default\" data-id=\"15be3477\" data-element_type=\"section\" data-e-type=\"section\">\n\t\t\t\t\t\t<div class=\"elementor-container elementor-column-gap-default\">\n\t\t\t\t\t<div class=\"elementor-column elementor-col-100 elementor-top-column elementor-element elementor-element-58673899\" data-id=\"58673899\" data-element_type=\"column\" data-e-type=\"column\">\n\t\t\t<div class=\"elementor-widget-wrap elementor-element-populated\">\n\t\t\t\t\t\t<div class=\"elementor-element elementor-element-11fdc547 elementor-widget elementor-widget-text-editor\" data-id=\"11fdc547\" data-element_type=\"widget\" data-e-type=\"widget\" data-widget_type=\"text-editor.default\">\n\t\t\t\t<div class=\"elementor-widget-container\">\n\t\t\t\t\t\t\t\t\t<ul><li>S\u00e9chage d\u2019\u00e9cran enduits ou lav\u00e9s;<\/li><li>Syst\u00e8me de s\u00e9chage est bas\u00e9 sur la ventilation d\u2019air<\/li><li>\u00c9l\u00e9ments chauffant en cromion nickel;<\/li><li>Thermostat pour le r\u00e9glage de la temp\u00e9rature de s\u00e9chage des \u00e9crans (de 15 \u00e0 50\u00b0 C)<\/li><li>Barres situ\u00e9es \u00e0 l\u2019int\u00e9rieur des tiroirs permettent d\u2019adapter plusieurs \u00e9crans sur un seul tiroirs en fonction de leurs formats;<\/li><li>Caisson lumineux dans la partie sup\u00e9rieure de l\u00b4\u00e9tuve pour contr\u00f4ler le qualit\u00e9 des \u00e9crans;<\/li><\/ul><table class=\"tbl-products\"><tbody><tr><th>LIDERDRY 4 COMBI<\/th><th style=\"text-align: center;\">Units<\/th><th>LD 4 COM &#8211; 0608<\/th><th>LD 4 COM &#8211; 0811<\/th><th>\u00a0LD 4 COM &#8211; 1010<\/th><th>LD 4 COM &#8211; 1012<\/th><th>LD 4 COM &#8211; 1215<\/th><\/tr><tr><td>Quantit\u00e9 de tiroirs<\/td><td style=\"text-align: center;\">\u00a0<\/td><td style=\"text-align: center;\">4<\/td><td style=\"text-align: center;\">4<\/td><td style=\"text-align: center;\">4<\/td><td style=\"text-align: center;\">4<\/td><td style=\"text-align: center;\">4<\/td><\/tr><tr><td>Dimensions ext\u00e9rieures maximum du cadre<\/td><td style=\"text-align: center;\">Cm<\/td><td style=\"text-align: center;\">60*80<\/td><td style=\"text-align: center;\">80*110<\/td><td style=\"text-align: center;\">100*100<\/td><td style=\"text-align: center;\">100*125<\/td><td style=\"text-align: center;\">120*150<\/td><\/tr><tr><td>Temp\u00e9rature maximum de fonctionnement<\/td><td style=\"text-align: center;\">\u00baC<\/td><td style=\"text-align: center;\">50<\/td><td style=\"text-align: center;\">50<\/td><td style=\"text-align: center;\">50<\/td><td style=\"text-align: center;\">50<\/td><td style=\"text-align: center;\">50<\/td><\/tr><tr><td>Profondeur<\/td><td style=\"text-align: center;\">Cm<\/td><td style=\"text-align: center;\">86<\/td><td style=\"text-align: center;\">106<\/td><td style=\"text-align: center;\">\u00a0<\/td><td style=\"text-align: center;\">126<\/td><td style=\"text-align: center;\">146<\/td><\/tr><tr><td>Largeur<\/td><td style=\"text-align: center;\">Cm<\/td><td style=\"text-align: center;\">99<\/td><td style=\"text-align: center;\">135<\/td><td style=\"text-align: center;\">\u00a0<\/td><td style=\"text-align: center;\">145<\/td><td style=\"text-align: center;\">170<\/td><\/tr><tr><td>Hauteur<\/td><td style=\"text-align: center;\">Cm<\/td><td style=\"text-align: center;\">103<\/td><td style=\"text-align: center;\">103<\/td><td style=\"text-align: center;\">103<\/td><td style=\"text-align: center;\">103<\/td><td style=\"text-align: center;\">103<\/td><\/tr><tr><td>Puissance<\/td><td style=\"text-align: center;\">W<\/td><td style=\"text-align: center;\">2300<\/td><td style=\"text-align: center;\">2800<\/td><td style=\"text-align: center;\">2800<\/td><td style=\"text-align: center;\">2800<\/td><td style=\"text-align: center;\">3300<\/td><\/tr><tr><td>Poids<\/td><td style=\"text-align: center;\">Kg<\/td><td style=\"text-align: center;\">150<\/td><td style=\"text-align: center;\">210<\/td><td style=\"text-align: center;\">250<\/td><td style=\"text-align: center;\">250<\/td><td style=\"text-align: center;\">350<\/td><\/tr><tr><td>Tension<\/td><td style=\"text-align: center;\">V<\/td><td style=\"text-align: center;\">220<\/td><td style=\"text-align: center;\">220<\/td><td style=\"text-align: center;\">220<\/td><td style=\"text-align: center;\">220<\/td><td style=\"text-align: center;\">220<\/td><\/tr><tr><td>Dimension de la caisse d\u2019exp\u00e9dition (larg.*prof.*haut.)<\/td><td style=\"text-align: center;\">Cm<\/td><td style=\"text-align: center;\">120*90*120<\/td><td style=\"text-align: center;\">140*120*120<\/td><td style=\"text-align: center;\">\u00a0<\/td><td style=\"text-align: center;\">150*130*120<\/td><td style=\"text-align: center;\">180*150*120<\/td><\/tr><\/tbody><\/table>\t\t\t\t\t\t\t\t<\/div>\n\t\t\t\t<\/div>\n\t\t\t\t\t<\/div>\n\t\t<\/div>\n\t\t\t\t\t<\/div>\n\t\t<\/section>\n\t\t\t\t<\/div>\n\t\t","protected":false},"excerpt":{"rendered":"<p>Le LIDERDRY 4\u00a0 COMBI est une armoire qui assure le s\u00e9chage des \u00e9crans de s\u00e9rigraphie en position horizontale. Elle permet ainsi de s\u00e9cher l\u2019\u00e9mulsion des \u00e9crans apr\u00e8s enduction ou de faire \u00e9vaporer l\u2019eau apr\u00e8s lavage de ceux-ci. Le LIDERDRY 4 COMBI est \u00e9quip\u00e9 d<code>un caisson lumineux dans la partie sup\u00e9rieure de l<\/code>\u00e9tuve pour contr\u00f4ler la qualit\u00e9 des \u00e9crans . Le LIDERDRY 4 COMBI peut \u00eatre fabriqu\u00e9 \u00e0 la dimension d\u00e9sir\u00e9e.<\/p>\n","protected":false},"featured_media":9784,"template":"","meta":[],"product_cat":[184,172],"product_tag":[],"class_list":["post-9794","product","type-product","status-publish","has-post-thumbnail","hentry","product_cat-telecharger-le-pdf","product_cat-serigraphie"],"_links":{"self":[{"href":"https:\/\/acosgraf.com\/fr\/wp-json\/wp\/v2\/product\/9794","targetHints":{"allow":["GET"]}}],"collection":[{"href":"https:\/\/acosgraf.com\/fr\/wp-json\/wp\/v2\/product"}],"about":[{"href":"https:\/\/acosgraf.com\/fr\/wp-json\/wp\/v2\/types\/product"}],"version-history":[{"count":19,"href":"https:\/\/acosgraf.com\/fr\/wp-json\/wp\/v2\/product\/9794\/revisions"}],"predecessor-version":[{"id":12591,"href":"https:\/\/acosgraf.com\/fr\/wp-json\/wp\/v2\/product\/9794\/revisions\/12591"}],"wp:featuredmedia":[{"embeddable":true,"href":"https:\/\/acosgraf.com\/fr\/wp-json\/wp\/v2\/media\/9784"}],"wp:attachment":[{"href":"https:\/\/acosgraf.com\/fr\/wp-json\/wp\/v2\/media?parent=9794"}],"wp:term":[{"taxonomy":"product_cat","embeddable":true,"href":"https:\/\/acosgraf.com\/fr\/wp-json\/wp\/v2\/product_cat?post=9794"},{"taxonomy":"product_tag","embeddable":true,"href":"https:\/\/acosgraf.com\/fr\/wp-json\/wp\/v2\/product_tag?post=9794"}],"curies":[{"name":"wp","href":"https:\/\/api.w.org\/{rel}","templated":true}]}}